{"id":839,"date":"2018-08-20T22:38:51","date_gmt":"2018-08-20T22:38:51","guid":{"rendered":"http:\/\/taxis-albufeira.pt\/?page_id=839"},"modified":"2026-03-23T21:56:55","modified_gmt":"2026-03-23T21:56:55","slug":"contact","status":"publish","type":"page","link":"https:\/\/taxis-albufeira.pt\/en\/contact\/","title":{"rendered":"Contact"},"content":{"rendered":"<div class=\"wpb-content-wrapper\">[mk_page_section bg_image=&#8221;https:\/\/taxis-albufeira.pt\/wp-content\/uploads\/2025\/02\/taxis-marina_hd-scaled.jpeg&#8221; bg_position=&#8221;center center&#8221; bg_repeat=&#8221;no-repeat&#8221; bg_stretch=&#8221;true&#8221; speed_factor=&#8221;0&#8243; video_opacity=&#8221;0&#8243; min_height=&#8221;450&#8243; sidebar=&#8221;sidebar-1&#8243;][vc_column][\/vc_column][\/mk_page_section][vc_row][vc_column][mk_padding_divider size=&#8221;120&#8243;][\/vc_column][\/vc_row][vc_row][vc_column][mk_fancy_title tag_name=&#8221;h1&#8243; color=&#8221;#54dbc2&#8243; size=&#8221;40&#8243; font_weight=&#8221;bold&#8221; txt_transform=&#8221;capitalize&#8221; margin_bottom=&#8221;0&#8243; font_family=&#8221;Lato&#8221; font_type=&#8221;google&#8221; align=&#8221;center&#8221;]Contacts[\/mk_fancy_title][mk_divider style=&#8221;thin_solid&#8221; divider_width=&#8221;custom_width&#8221; custom_width=&#8221;110&#8243; thin_single_color=&#8221;#eadd9c&#8221; thickness=&#8221;3&#8243; margin_top=&#8221;10&#8243; margin_bottom=&#8221;60&#8243;][vc_row_inner][vc_column_inner width=&#8221;1\/3&#8243;][mk_icon_box2 icon_size=&#8221;48&#8243; icon=&#8221;mk-li-map&#8221; icon_color=&#8221;#54dbc2&#8243; title=&#8221;ADDRESS&#8221; title_size=&#8221;14&#8243; title_weight=&#8221;bold&#8221; title_color=&#8221;#003161&#8243; title_bottom_padding=&#8221;20&#8243; description_color=&#8221;#999999&#8243; animation=&#8221;left-to-right&#8221;]Albucoop &#8211; Cooperativa R\u00e1dio T\u00e1xis de Albufeira, C.R.L.<br \/>\nRua das Escolas, Lote 16 Cali\u00e7os<br \/>\n8200-126 Albufeira[\/mk_icon_box2][\/vc_column_inner][vc_column_inner width=&#8221;1\/3&#8243;][mk_icon_box2 icon_size=&#8221;48&#8243; icon=&#8221;mk-li-mail&#8221; icon_color=&#8221;#54dbc2&#8243; title=&#8221;EMAIL&#8221; title_size=&#8221;14&#8243; title_weight=&#8221;bold&#8221; title_color=&#8221;#003161&#8243; title_bottom_padding=&#8221;20&#8243; description_color=&#8221;#999999&#8243;]<span \n                data-original-string='h498BOlPI9sBKoESqSH9mQ==5871nM1BGoVJlFADqzjcKWUSAL3h+bM5LPYFarK6kWdypk='\n                class='apbct-email-encoder'\n                title='This contact has been encoded by Anti-Spam by CleanTalk. Click to decode. To finish the decoding make sure that JavaScript is enabled in your browser.'>al<span class=\"apbct-blur\">******<\/span>@<span class=\"apbct-blur\">***<\/span>il.com<\/span>[\/mk_icon_box2][\/vc_column_inner][vc_column_inner width=&#8221;1\/3&#8243;][mk_icon_box2 icon_size=&#8221;48&#8243; icon=&#8221;mk-moon-phone-5&#8243; icon_color=&#8221;#54dbc2&#8243; title=&#8221;PHONE&#8221; title_size=&#8221;14&#8243; title_weight=&#8221;bold&#8221; title_color=&#8221;#003161&#8243; title_top_padding=&#8221;10&#8243; title_bottom_padding=&#8221;20&#8243; description_color=&#8221;#999999&#8243;]00351 289 583 230[\/mk_icon_box2][\/vc_column_inner][\/vc_row_inner][\/vc_column][\/vc_row][vc_row][vc_column][mk_padding_divider size=&#8221;120&#8243;][\/vc_column][\/vc_row][vc_row][vc_column][\/vc_column][\/vc_row][vc_row][vc_column width=&#8221;5\/12&#8243;][\/vc_column][vc_column width=&#8221;7\/12&#8243;][mk_fancy_title color=&#8221;#54dbc2&#8243; size=&#8221;40&#8243; font_weight=&#8221;400&#8243; txt_transform=&#8221;capitalize&#8221; margin_bottom=&#8221;0&#8243; font_family=&#8221;Lato&#8221; font_type=&#8221;google&#8221; align=&#8221;center&#8221;]How can we help you?[\/mk_fancy_title][mk_divider style=&#8221;thin_solid&#8221; divider_width=&#8221;custom_width&#8221; custom_width=&#8221;110&#8243; thin_single_color=&#8221;#eadd9c&#8221; thickness=&#8221;3&#8243; margin_top=&#8221;10&#8243; margin_bottom=&#8221;60&#8243;][vc_raw_html css=&#8221;&#8221;]JTVCZm9ybWluYXRvcl9mb3JtJTIwaWQlM0QlMjIxNTQ3JTIyJTVE[\/vc_raw_html][\/vc_column][\/vc_row][vc_row][vc_column][mk_padding_divider size=&#8221;60&#8243;][\/vc_column][\/vc_row]\n<\/div>","protected":false},"excerpt":{"rendered":"<p>[mk_page_section bg_image=&#8221;https:\/\/taxis-albufeira.pt\/wp-content\/uploads\/2025\/02\/taxis-marina_hd-scaled.jpeg&#8221; bg_position=&#8221;center center&#8221; bg_repeat=&#8221;no-repeat&#8221; bg_stretch=&#8221;true&#8221; speed_factor=&#8221;0&#8243; video_opacity=&#8221;0&#8243; min_height=&#8221;450&#8243; sidebar=&#8221;sidebar-1&#8243;][vc_column][\/vc_column][\/mk_page_section][vc_row][vc_column][mk_padding_divider size=&#8221;120&#8243;][\/vc_column][\/vc_row][vc_row][vc_column][mk_fancy_title tag_name=&#8221;h1&#8243; color=&#8221;#54dbc2&#8243; size=&#8221;40&#8243; font_weight=&#8221;bold&#8221; txt_transform=&#8221;capitalize&#8221; margin_bottom=&#8221;0&#8243; font_family=&#8221;Lato&#8221; font_type=&#8221;google&#8221; align=&#8221;center&#8221;]Contacts[\/mk_fancy_title][mk_divider style=&#8221;thin_solid&#8221; divider_width=&#8221;custom_width&#8221; custom_width=&#8221;110&#8243; thin_single_color=&#8221;#eadd9c&#8221; thickness=&#8221;3&#8243; margin_top=&#8221;10&#8243; margin_bottom=&#8221;60&#8243;][vc_row_inner][vc_column_inner width=&#8221;1\/3&#8243;][mk_icon_box2 icon_size=&#8221;48&#8243; icon=&#8221;mk-li-map&#8221; icon_color=&#8221;#54dbc2&#8243; title=&#8221;ADDRESS&#8221; title_size=&#8221;14&#8243; title_weight=&#8221;bold&#8221; title_color=&#8221;#003161&#8243; title_bottom_padding=&#8221;20&#8243; description_color=&#8221;#999999&#8243; animation=&#8221;left-to-right&#8221;]Albucoop &#8211; Cooperativa R\u00e1dio T\u00e1xis de Albufeira, C.R.L. Rua das Escolas, Lote 16 Cali\u00e7os 8200-126 Albufeira[\/mk_icon_box2][\/vc_column_inner][vc_column_inner width=&#8221;1\/3&#8243;][mk_icon_box2 icon_size=&#8221;48&#8243; [&hellip;]<\/p>\n","protected":false},"author":3,"featured_media":0,"parent":0,"menu_order":0,"comment_status":"closed","ping_status":"closed","template":"","meta":{"footnotes":""},"class_list":["post-839","page","type-page","status-publish","hentry"],"yoast_head":"<!-- This site is optimized with the Yoast SEO plugin v27.2 - https:\/\/yoast.com\/product\/yoast-seo-wordpress\/ -->\n<title>Contact - Taxi Black &amp; Green - Albufeira<\/title>\n<meta name=\"robots\" content=\"index, follow, max-snippet:-1, max-image-preview:large, max-video-preview:-1\" \/>\n<link rel=\"canonical\" href=\"https:\/\/taxis-albufeira.pt\/contactos\/\" \/>\n<meta property=\"og:locale\" content=\"en_US\" \/>\n<meta property=\"og:type\" content=\"article\" \/>\n<meta property=\"og:title\" content=\"Contact - Taxi Black &amp; Green - Albufeira\" \/>\n<meta property=\"og:description\" content=\"[mk_page_section bg_image=&#8221;https:\/\/taxis-albufeira.pt\/wp-content\/uploads\/2025\/02\/taxis-marina_hd-scaled.jpeg&#8221; bg_position=&#8221;center center&#8221; bg_repeat=&#8221;no-repeat&#8221; bg_stretch=&#8221;true&#8221; speed_factor=&#8221;0&#8243; video_opacity=&#8221;0&#8243; min_height=&#8221;450&#8243; sidebar=&#8221;sidebar-1&#8243;][vc_column][\/vc_column][\/mk_page_section][vc_row][vc_column][mk_padding_divider size=&#8221;120&#8243;][\/vc_column][\/vc_row][vc_row][vc_column][mk_fancy_title tag_name=&#8221;h1&#8243; color=&#8221;#54dbc2&#8243; size=&#8221;40&#8243; font_weight=&#8221;bold&#8221; txt_transform=&#8221;capitalize&#8221; margin_bottom=&#8221;0&#8243; font_family=&#8221;Lato&#8221; font_type=&#8221;google&#8221; align=&#8221;center&#8221;]Contacts[\/mk_fancy_title][mk_divider style=&#8221;thin_solid&#8221; divider_width=&#8221;custom_width&#8221; custom_width=&#8221;110&#8243; thin_single_color=&#8221;#eadd9c&#8221; thickness=&#8221;3&#8243; margin_top=&#8221;10&#8243; margin_bottom=&#8221;60&#8243;][vc_row_inner][vc_column_inner width=&#8221;1\/3&#8243;][mk_icon_box2 icon_size=&#8221;48&#8243; icon=&#8221;mk-li-map&#8221; icon_color=&#8221;#54dbc2&#8243; title=&#8221;ADDRESS&#8221; title_size=&#8221;14&#8243; title_weight=&#8221;bold&#8221; title_color=&#8221;#003161&#8243; title_bottom_padding=&#8221;20&#8243; description_color=&#8221;#999999&#8243; animation=&#8221;left-to-right&#8221;]Albucoop &#8211; Cooperativa R\u00e1dio T\u00e1xis de Albufeira, C.R.L. Rua das Escolas, Lote 16 Cali\u00e7os 8200-126 Albufeira[\/mk_icon_box2][\/vc_column_inner][vc_column_inner width=&#8221;1\/3&#8243;][mk_icon_box2 icon_size=&#8221;48&#8243; [&hellip;]\" \/>\n<meta property=\"og:url\" content=\"https:\/\/taxis-albufeira.pt\/contactos\/\" \/>\n<meta property=\"og:site_name\" content=\"Taxi Black &amp; Green - Albufeira\" \/>\n<meta property=\"article:publisher\" content=\"https:\/\/www.facebook.com\/taxisalbufeira\/\" \/>\n<meta property=\"article:modified_time\" content=\"2026-03-23T21:56:55+00:00\" \/>\n<meta name=\"twitter:card\" content=\"summary_large_image\" \/>\n<meta name=\"twitter:site\" content=\"@taxisalbufeira\" \/>\n<meta name=\"twitter:label1\" content=\"Est. reading time\" \/>\n\t<meta name=\"twitter:data1\" content=\"1 minute\" \/>\n<script type=\"application\/ld+json\" class=\"yoast-schema-graph\">{\"@context\":\"https:\/\/schema.org\",\"@graph\":[{\"@type\":\"WebPage\",\"@id\":\"https:\/\/taxis-albufeira.pt\/contactos\/\",\"url\":\"https:\/\/taxis-albufeira.pt\/contactos\/\",\"name\":\"Contact - Taxi Black &amp; Green - Albufeira\",\"isPartOf\":{\"@id\":\"https:\/\/taxis-albufeira.pt\/#website\"},\"datePublished\":\"2018-08-20T22:38:51+00:00\",\"dateModified\":\"2026-03-23T21:56:55+00:00\",\"breadcrumb\":{\"@id\":\"https:\/\/taxis-albufeira.pt\/contactos\/#breadcrumb\"},\"inLanguage\":\"en-US\",\"potentialAction\":[{\"@type\":\"ReadAction\",\"target\":[\"https:\/\/taxis-albufeira.pt\/contactos\/\"]}]},{\"@type\":\"BreadcrumbList\",\"@id\":\"https:\/\/taxis-albufeira.pt\/contactos\/#breadcrumb\",\"itemListElement\":[{\"@type\":\"ListItem\",\"position\":1,\"name\":\"In\u00edcio\",\"item\":\"https:\/\/taxis-albufeira.pt\/\"},{\"@type\":\"ListItem\",\"position\":2,\"name\":\"Contact\"}]},{\"@type\":\"WebSite\",\"@id\":\"https:\/\/taxis-albufeira.pt\/#website\",\"url\":\"https:\/\/taxis-albufeira.pt\/\",\"name\":\"Taxi Black & Green - Albufeira\",\"description\":\"Precisa de Taxi em Albufeira? Ligue para 289 583 230 ou instale a app. Temos a maior frota de taxis do Algarve, com mais de 105 viaturas de v&aacute;rios tipos e capacidades.\",\"publisher\":{\"@id\":\"https:\/\/taxis-albufeira.pt\/#organization\"},\"potentialAction\":[{\"@type\":\"SearchAction\",\"target\":{\"@type\":\"EntryPoint\",\"urlTemplate\":\"https:\/\/taxis-albufeira.pt\/?s={search_term_string}\"},\"query-input\":{\"@type\":\"PropertyValueSpecification\",\"valueRequired\":true,\"valueName\":\"search_term_string\"}}],\"inLanguage\":\"en-US\"},{\"@type\":\"Organization\",\"@id\":\"https:\/\/taxis-albufeira.pt\/#organization\",\"name\":\"Taxi Black & Green - Albufeira\",\"url\":\"https:\/\/taxis-albufeira.pt\/\",\"logo\":{\"@type\":\"ImageObject\",\"inLanguage\":\"en-US\",\"@id\":\"https:\/\/taxis-albufeira.pt\/#\/schema\/logo\/image\/\",\"url\":\"https:\/\/taxis-albufeira.pt\/wp-content\/uploads\/2018\/07\/taxis-albufeira-logo.png\",\"contentUrl\":\"https:\/\/taxis-albufeira.pt\/wp-content\/uploads\/2018\/07\/taxis-albufeira-logo.png\",\"width\":695,\"height\":623,\"caption\":\"Taxi Black & Green - Albufeira\"},\"image\":{\"@id\":\"https:\/\/taxis-albufeira.pt\/#\/schema\/logo\/image\/\"},\"sameAs\":[\"https:\/\/www.facebook.com\/taxisalbufeira\/\",\"https:\/\/x.com\/taxisalbufeira\",\"https:\/\/www.instagram.com\/taxisalbufeira\/\"]}]}<\/script>\n<!-- \/ Yoast SEO plugin. -->","yoast_head_json":{"title":"Contact - Taxi Black &amp; Green - Albufeira","robots":{"index":"index","follow":"follow","max-snippet":"max-snippet:-1","max-image-preview":"max-image-preview:large","max-video-preview":"max-video-preview:-1"},"canonical":"https:\/\/taxis-albufeira.pt\/contactos\/","og_locale":"en_US","og_type":"article","og_title":"Contact - Taxi Black &amp; Green - Albufeira","og_description":"[mk_page_section bg_image=&#8221;https:\/\/taxis-albufeira.pt\/wp-content\/uploads\/2025\/02\/taxis-marina_hd-scaled.jpeg&#8221; bg_position=&#8221;center center&#8221; bg_repeat=&#8221;no-repeat&#8221; bg_stretch=&#8221;true&#8221; speed_factor=&#8221;0&#8243; video_opacity=&#8221;0&#8243; min_height=&#8221;450&#8243; sidebar=&#8221;sidebar-1&#8243;][vc_column][\/vc_column][\/mk_page_section][vc_row][vc_column][mk_padding_divider size=&#8221;120&#8243;][\/vc_column][\/vc_row][vc_row][vc_column][mk_fancy_title tag_name=&#8221;h1&#8243; color=&#8221;#54dbc2&#8243; size=&#8221;40&#8243; font_weight=&#8221;bold&#8221; txt_transform=&#8221;capitalize&#8221; margin_bottom=&#8221;0&#8243; font_family=&#8221;Lato&#8221; font_type=&#8221;google&#8221; align=&#8221;center&#8221;]Contacts[\/mk_fancy_title][mk_divider style=&#8221;thin_solid&#8221; divider_width=&#8221;custom_width&#8221; custom_width=&#8221;110&#8243; thin_single_color=&#8221;#eadd9c&#8221; thickness=&#8221;3&#8243; margin_top=&#8221;10&#8243; margin_bottom=&#8221;60&#8243;][vc_row_inner][vc_column_inner width=&#8221;1\/3&#8243;][mk_icon_box2 icon_size=&#8221;48&#8243; icon=&#8221;mk-li-map&#8221; icon_color=&#8221;#54dbc2&#8243; title=&#8221;ADDRESS&#8221; title_size=&#8221;14&#8243; title_weight=&#8221;bold&#8221; title_color=&#8221;#003161&#8243; title_bottom_padding=&#8221;20&#8243; description_color=&#8221;#999999&#8243; animation=&#8221;left-to-right&#8221;]Albucoop &#8211; Cooperativa R\u00e1dio T\u00e1xis de Albufeira, C.R.L. Rua das Escolas, Lote 16 Cali\u00e7os 8200-126 Albufeira[\/mk_icon_box2][\/vc_column_inner][vc_column_inner width=&#8221;1\/3&#8243;][mk_icon_box2 icon_size=&#8221;48&#8243; [&hellip;]","og_url":"https:\/\/taxis-albufeira.pt\/contactos\/","og_site_name":"Taxi Black &amp; Green - Albufeira","article_publisher":"https:\/\/www.facebook.com\/taxisalbufeira\/","article_modified_time":"2026-03-23T21:56:55+00:00","twitter_card":"summary_large_image","twitter_site":"@taxisalbufeira","twitter_misc":{"Est. reading time":"1 minute"},"schema":{"@context":"https:\/\/schema.org","@graph":[{"@type":"WebPage","@id":"https:\/\/taxis-albufeira.pt\/contactos\/","url":"https:\/\/taxis-albufeira.pt\/contactos\/","name":"Contact - Taxi Black &amp; Green - Albufeira","isPartOf":{"@id":"https:\/\/taxis-albufeira.pt\/#website"},"datePublished":"2018-08-20T22:38:51+00:00","dateModified":"2026-03-23T21:56:55+00:00","breadcrumb":{"@id":"https:\/\/taxis-albufeira.pt\/contactos\/#breadcrumb"},"inLanguage":"en-US","potentialAction":[{"@type":"ReadAction","target":["https:\/\/taxis-albufeira.pt\/contactos\/"]}]},{"@type":"BreadcrumbList","@id":"https:\/\/taxis-albufeira.pt\/contactos\/#breadcrumb","itemListElement":[{"@type":"ListItem","position":1,"name":"In\u00edcio","item":"https:\/\/taxis-albufeira.pt\/"},{"@type":"ListItem","position":2,"name":"Contact"}]},{"@type":"WebSite","@id":"https:\/\/taxis-albufeira.pt\/#website","url":"https:\/\/taxis-albufeira.pt\/","name":"Taxi Black & Green - Albufeira","description":"Precisa de Taxi em Albufeira? Ligue para 289 583 230 ou instale a app. Temos a maior frota de taxis do Algarve, com mais de 105 viaturas de v&aacute;rios tipos e capacidades.","publisher":{"@id":"https:\/\/taxis-albufeira.pt\/#organization"},"potentialAction":[{"@type":"SearchAction","target":{"@type":"EntryPoint","urlTemplate":"https:\/\/taxis-albufeira.pt\/?s={search_term_string}"},"query-input":{"@type":"PropertyValueSpecification","valueRequired":true,"valueName":"search_term_string"}}],"inLanguage":"en-US"},{"@type":"Organization","@id":"https:\/\/taxis-albufeira.pt\/#organization","name":"Taxi Black & Green - Albufeira","url":"https:\/\/taxis-albufeira.pt\/","logo":{"@type":"ImageObject","inLanguage":"en-US","@id":"https:\/\/taxis-albufeira.pt\/#\/schema\/logo\/image\/","url":"https:\/\/taxis-albufeira.pt\/wp-content\/uploads\/2018\/07\/taxis-albufeira-logo.png","contentUrl":"https:\/\/taxis-albufeira.pt\/wp-content\/uploads\/2018\/07\/taxis-albufeira-logo.png","width":695,"height":623,"caption":"Taxi Black & Green - Albufeira"},"image":{"@id":"https:\/\/taxis-albufeira.pt\/#\/schema\/logo\/image\/"},"sameAs":["https:\/\/www.facebook.com\/taxisalbufeira\/","https:\/\/x.com\/taxisalbufeira","https:\/\/www.instagram.com\/taxisalbufeira\/"]}]}},"_links":{"self":[{"href":"https:\/\/taxis-albufeira.pt\/en\/wp-json\/wp\/v2\/pages\/839","targetHints":{"allow":["GET"]}}],"collection":[{"href":"https:\/\/taxis-albufeira.pt\/en\/wp-json\/wp\/v2\/pages"}],"about":[{"href":"https:\/\/taxis-albufeira.pt\/en\/wp-json\/wp\/v2\/types\/page"}],"author":[{"embeddable":true,"href":"https:\/\/taxis-albufeira.pt\/en\/wp-json\/wp\/v2\/users\/3"}],"replies":[{"embeddable":true,"href":"https:\/\/taxis-albufeira.pt\/en\/wp-json\/wp\/v2\/comments?post=839"}],"version-history":[{"count":14,"href":"https:\/\/taxis-albufeira.pt\/en\/wp-json\/wp\/v2\/pages\/839\/revisions"}],"predecessor-version":[{"id":1660,"href":"https:\/\/taxis-albufeira.pt\/en\/wp-json\/wp\/v2\/pages\/839\/revisions\/1660"}],"wp:attachment":[{"href":"https:\/\/taxis-albufeira.pt\/en\/wp-json\/wp\/v2\/media?parent=839"}],"curies":[{"name":"wp","href":"https:\/\/api.w.org\/{rel}","templated":true}]}}